{"id":43,"date":"2025-03-13T15:39:55","date_gmt":"2025-03-13T14:39:55","guid":{"rendered":"https:\/\/navato.de\/?page_id=43"},"modified":"2025-03-13T15:39:55","modified_gmt":"2025-03-13T14:39:55","slug":"impressum","status":"publish","type":"page","link":"https:\/\/navato.de\/?page_id=43","title":{"rendered":"Impressum"},"content":{"rendered":"\n<p><strong>Verantwortlich f\u00fcr diese Seiten i. S. d. \u00a76 TDG und \u00a7 18 Abs. 2 MDStV<\/strong><\/p>\n\n\n\n<p><strong>navato GmbH<\/strong><br>Am Justizzentrum 5<br>D-50939 K\u00f6ln<br>Germany<br>Telefon: +49 (0) 22 1 \u2013 34 89 561 kontakt@navato.de<br>Telefax: +49 (0) 22 1 \u2013 34 89 569 www.navato.de<\/p>\n\n\n\n<p><strong>Gesch\u00e4ftsf\u00fchrer:<\/strong><br>Dipl.-Wirt.-Inf. Damian Moschny<\/p>\n\n\n\n<p><strong>Steuernummer<\/strong><br>Finanzamt K\u00f6ln-Altstadt<br>Steuernummer:&nbsp; 214\/5813\/1344<br>Umsatzsteueridentifikationsnummer:&nbsp; DE247175094<\/p>\n\n\n\n<p><strong>Handelsregister<\/strong><br>Amtsgericht K\u00f6ln<br>HRB 56892<\/p>\n\n\n\n<p><strong>Copyright:<\/strong><\/p>\n\n\n\n<p>Die Inhalte der Webseiten sind urheberrechtlich gesch\u00fctzt \u2013 sie zu kopieren oder zu ver\u00e4ndern ist nur mit unserer ausdr\u00fccklichen Genehmigung gestattet. Dies betrifft nicht das Kopieren von Dateien auf den eigenen Rechner, um sich die Seiten mit einem Browser ansehen zu k\u00f6nnen.<\/p>\n\n\n\n<p><strong>Fotos<\/strong><\/p>\n\n\n\n<p>www.fotolia.com<\/p>\n","protected":false},"excerpt":{"rendered":"<p>Verantwortlich f\u00fcr diese Seiten i. S. d. \u00a76 TDG und \u00a7 18 Abs. 2 MDStV navato GmbHAm Justizzentrum 5D-50939 K\u00f6lnGermanyTelefon: +49 (0) 22 1 \u2013 34 89 561 kontakt@navato.deTelefax: +49 (0) 22 1 \u2013 34 89 569 www.navato.de Gesch\u00e4ftsf\u00fchrer:Dipl.-Wirt.-Inf. Damian Moschny SteuernummerFinanzamt K\u00f6ln-AltstadtSteuernummer:&nbsp; 214\/5813\/1344Umsatzsteueridentifikationsnummer:&nbsp; DE247175094&#8230;<\/p>\n","protected":false},"author":1,"featured_media":0,"parent":0,"menu_order":0,"comment_status":"closed","ping_status":"closed","template":"","meta":{"_coblocks_attr":"","_coblocks_dimensions":"","_coblocks_responsive_height":"","_coblocks_accordion_ie_support":"","footnotes":""},"class_list":["post-43","page","type-page","status-publish","hentry"],"yoast_head":"<!-- This site is optimized with the Yoast SEO plugin v26.2 - https:\/\/yoast.com\/wordpress\/plugins\/seo\/ -->\n<title>Impressum - Navato GmbH - Sofwarel\u00f6sungen aus K\u00f6ln<\/title>\n<meta name=\"robots\" content=\"index, follow, max-snippet:-1, max-image-preview:large, max-video-preview:-1\" \/>\n<link rel=\"canonical\" href=\"https:\/\/navato.de\/?page_id=43\" \/>\n<meta property=\"og:locale\" content=\"de_DE\" \/>\n<meta property=\"og:type\" content=\"article\" \/>\n<meta property=\"og:title\" content=\"Impressum - Navato GmbH - Sofwarel\u00f6sungen aus K\u00f6ln\" \/>\n<meta property=\"og:description\" content=\"Verantwortlich f\u00fcr diese Seiten i. S. d. \u00a76 TDG und \u00a7 18 Abs. 2 MDStV navato GmbHAm Justizzentrum 5D-50939 K\u00f6lnGermanyTelefon: +49 (0) 22 1 \u2013 34 89 561 kontakt@navato.deTelefax: +49 (0) 22 1 \u2013 34 89 569 www.navato.de Gesch\u00e4ftsf\u00fchrer:Dipl.-Wirt.-Inf. Damian Moschny SteuernummerFinanzamt K\u00f6ln-AltstadtSteuernummer:&nbsp; 214\/5813\/1344Umsatzsteueridentifikationsnummer:&nbsp; DE247175094...\" \/>\n<meta property=\"og:url\" content=\"https:\/\/navato.de\/?page_id=43\" \/>\n<meta property=\"og:site_name\" content=\"Navato GmbH - Sofwarel\u00f6sungen aus K\u00f6ln\" \/>\n<meta name=\"twitter:card\" content=\"summary_large_image\" \/>\n<script type=\"application\/ld+json\" class=\"yoast-schema-graph\">{\"@context\":\"https:\/\/schema.org\",\"@graph\":[{\"@type\":\"WebPage\",\"@id\":\"https:\/\/navato.de\/?page_id=43\",\"url\":\"https:\/\/navato.de\/?page_id=43\",\"name\":\"Impressum - Navato GmbH - Sofwarel\u00f6sungen aus K\u00f6ln\",\"isPartOf\":{\"@id\":\"https:\/\/navato.de\/#website\"},\"datePublished\":\"2025-03-13T14:39:55+00:00\",\"breadcrumb\":{\"@id\":\"https:\/\/navato.de\/?page_id=43#breadcrumb\"},\"inLanguage\":\"de\",\"potentialAction\":[{\"@type\":\"ReadAction\",\"target\":[\"https:\/\/navato.de\/?page_id=43\"]}]},{\"@type\":\"BreadcrumbList\",\"@id\":\"https:\/\/navato.de\/?page_id=43#breadcrumb\",\"itemListElement\":[{\"@type\":\"ListItem\",\"position\":1,\"name\":\"Startseite\",\"item\":\"https:\/\/navato.de\/\"},{\"@type\":\"ListItem\",\"position\":2,\"name\":\"Impressum\"}]},{\"@type\":\"WebSite\",\"@id\":\"https:\/\/navato.de\/#website\",\"url\":\"https:\/\/navato.de\/\",\"name\":\"Navato GmbH - Sofwarel\u00f6sungen aus K\u00f6ln\",\"description\":\"\",\"publisher\":{\"@id\":\"https:\/\/navato.de\/#organization\"},\"potentialAction\":[{\"@type\":\"SearchAction\",\"target\":{\"@type\":\"EntryPoint\",\"urlTemplate\":\"https:\/\/navato.de\/?s={search_term_string}\"},\"query-input\":{\"@type\":\"PropertyValueSpecification\",\"valueRequired\":true,\"valueName\":\"search_term_string\"}}],\"inLanguage\":\"de\"},{\"@type\":\"Organization\",\"@id\":\"https:\/\/navato.de\/#organization\",\"name\":\"Navato GmbH - Sofwarel\u00f6sungen aus K\u00f6ln\",\"url\":\"https:\/\/navato.de\/\",\"logo\":{\"@type\":\"ImageObject\",\"inLanguage\":\"de\",\"@id\":\"https:\/\/navato.de\/#\/schema\/logo\/image\/\",\"url\":\"https:\/\/navato.de\/wp-content\/uploads\/2025\/03\/Navato-1.png\",\"contentUrl\":\"https:\/\/navato.de\/wp-content\/uploads\/2025\/03\/Navato-1.png\",\"width\":1203,\"height\":279,\"caption\":\"Navato GmbH - Sofwarel\u00f6sungen aus K\u00f6ln\"},\"image\":{\"@id\":\"https:\/\/navato.de\/#\/schema\/logo\/image\/\"}}]}<\/script>\n<!-- \/ Yoast SEO plugin. -->","yoast_head_json":{"title":"Impressum - Navato GmbH - Sofwarel\u00f6sungen aus K\u00f6ln","robots":{"index":"index","follow":"follow","max-snippet":"max-snippet:-1","max-image-preview":"max-image-preview:large","max-video-preview":"max-video-preview:-1"},"canonical":"https:\/\/navato.de\/?page_id=43","og_locale":"de_DE","og_type":"article","og_title":"Impressum - Navato GmbH - Sofwarel\u00f6sungen aus K\u00f6ln","og_description":"Verantwortlich f\u00fcr diese Seiten i. S. d. \u00a76 TDG und \u00a7 18 Abs. 2 MDStV navato GmbHAm Justizzentrum 5D-50939 K\u00f6lnGermanyTelefon: +49 (0) 22 1 \u2013 34 89 561 kontakt@navato.deTelefax: +49 (0) 22 1 \u2013 34 89 569 www.navato.de Gesch\u00e4ftsf\u00fchrer:Dipl.-Wirt.-Inf. Damian Moschny SteuernummerFinanzamt K\u00f6ln-AltstadtSteuernummer:&nbsp; 214\/5813\/1344Umsatzsteueridentifikationsnummer:&nbsp; DE247175094...","og_url":"https:\/\/navato.de\/?page_id=43","og_site_name":"Navato GmbH - Sofwarel\u00f6sungen aus K\u00f6ln","twitter_card":"summary_large_image","schema":{"@context":"https:\/\/schema.org","@graph":[{"@type":"WebPage","@id":"https:\/\/navato.de\/?page_id=43","url":"https:\/\/navato.de\/?page_id=43","name":"Impressum - Navato GmbH - Sofwarel\u00f6sungen aus K\u00f6ln","isPartOf":{"@id":"https:\/\/navato.de\/#website"},"datePublished":"2025-03-13T14:39:55+00:00","breadcrumb":{"@id":"https:\/\/navato.de\/?page_id=43#breadcrumb"},"inLanguage":"de","potentialAction":[{"@type":"ReadAction","target":["https:\/\/navato.de\/?page_id=43"]}]},{"@type":"BreadcrumbList","@id":"https:\/\/navato.de\/?page_id=43#breadcrumb","itemListElement":[{"@type":"ListItem","position":1,"name":"Startseite","item":"https:\/\/navato.de\/"},{"@type":"ListItem","position":2,"name":"Impressum"}]},{"@type":"WebSite","@id":"https:\/\/navato.de\/#website","url":"https:\/\/navato.de\/","name":"Navato GmbH - Sofwarel\u00f6sungen aus K\u00f6ln","description":"","publisher":{"@id":"https:\/\/navato.de\/#organization"},"potentialAction":[{"@type":"SearchAction","target":{"@type":"EntryPoint","urlTemplate":"https:\/\/navato.de\/?s={search_term_string}"},"query-input":{"@type":"PropertyValueSpecification","valueRequired":true,"valueName":"search_term_string"}}],"inLanguage":"de"},{"@type":"Organization","@id":"https:\/\/navato.de\/#organization","name":"Navato GmbH - Sofwarel\u00f6sungen aus K\u00f6ln","url":"https:\/\/navato.de\/","logo":{"@type":"ImageObject","inLanguage":"de","@id":"https:\/\/navato.de\/#\/schema\/logo\/image\/","url":"https:\/\/navato.de\/wp-content\/uploads\/2025\/03\/Navato-1.png","contentUrl":"https:\/\/navato.de\/wp-content\/uploads\/2025\/03\/Navato-1.png","width":1203,"height":279,"caption":"Navato GmbH - Sofwarel\u00f6sungen aus K\u00f6ln"},"image":{"@id":"https:\/\/navato.de\/#\/schema\/logo\/image\/"}}]}},"_links":{"self":[{"href":"https:\/\/navato.de\/index.php?rest_route=\/wp\/v2\/pages\/43","targetHints":{"allow":["GET"]}}],"collection":[{"href":"https:\/\/navato.de\/index.php?rest_route=\/wp\/v2\/pages"}],"about":[{"href":"https:\/\/navato.de\/index.php?rest_route=\/wp\/v2\/types\/page"}],"author":[{"embeddable":true,"href":"https:\/\/navato.de\/index.php?rest_route=\/wp\/v2\/users\/1"}],"replies":[{"embeddable":true,"href":"https:\/\/navato.de\/index.php?rest_route=%2Fwp%2Fv2%2Fcomments&post=43"}],"version-history":[{"count":1,"href":"https:\/\/navato.de\/index.php?rest_route=\/wp\/v2\/pages\/43\/revisions"}],"predecessor-version":[{"id":44,"href":"https:\/\/navato.de\/index.php?rest_route=\/wp\/v2\/pages\/43\/revisions\/44"}],"wp:attachment":[{"href":"https:\/\/navato.de\/index.php?rest_route=%2Fwp%2Fv2%2Fmedia&parent=43"}],"curies":[{"name":"wp","href":"https:\/\/api.w.org\/{rel}","templated":true}]}}