{"id":3,"date":"2023-03-02T16:09:42","date_gmt":"2023-03-02T15:09:42","guid":{"rendered":"http:\/\/navato.de\/?page_id=3"},"modified":"2025-11-07T15:18:07","modified_gmt":"2025-11-07T14:18:07","slug":"datenschutzerklaerung","status":"publish","type":"page","link":"https:\/\/navato.de\/?page_id=3","title":{"rendered":"Datenschutzerkl\u00e4rung"},"content":{"rendered":"\n<p>Wir freuen uns, dass Sie unsere Website besuchen und bedanken uns f\u00fcr Ihr Interesse an unserem Unternehmen und unseren Produkten. Aufgrund gesetzlicher Bestimmungen sind wir dazu verpflichtet, Sie \u00fcber unseren Umgang mit personenbezogenen Daten zu informieren. Bitte nehmen Sie daher die nachstehenden Informationen zur Kenntnis:<\/p>\n\n\n\n<p><strong>Verantwortliche Stelle<\/strong><\/p>\n\n\n\n<p>Verantwortliche Stelle f\u00fcr datenschutzrechtliche Belange ist die<\/p>\n\n\n\n<p>navato GmbH<\/p>\n\n\n\n<p>Am Justizzentrum 5<\/p>\n\n\n\n<p>D-50939 K\u00f6ln<\/p>\n\n\n\n<p>Telefon: +49 (0) 22 1 \u2013 34 89 561<br>Telefax: +49 (0) 22 1 \u2013 34 89 569<\/p>\n\n\n\n<p>www.navato.de<br><a href=\"mailto:kontakt@navato.de\">kontakt@navato.de<\/a><\/p>\n\n\n\n<p><strong>Datenschutzbeauftragter<\/strong><\/p>\n\n\n\n<p>Datenschutzbeauftragter der navato GmbH ist Herr Ralf Meschke.<\/p>\n\n\n\n<p>Ralf Meschke<\/p>\n\n\n\n<p>Datenschutz &amp; Informationssicherheit Meschke<\/p>\n\n\n\n<p>Am Haarberg 27<\/p>\n\n\n\n<p>52080 Aachen<\/p>\n\n\n\n<p>Tel +49 241 4120 2406<\/p>\n\n\n\n<p>Mobil +49 177 84 89 300<\/p>\n\n\n\n<p>Mail&nbsp;<a href=\"mailto:info@datenschutz-aachen.de\">info@datenschutz-aachen.de<\/a><\/p>\n\n\n\n<p>Web&nbsp;<a href=\"http:\/\/www.datenschutz-aachen.de\/\">www.datenschutz-aachen.de<\/a><\/p>\n\n\n\n<p><strong>Erhebung von Daten auf unserer Internetseite<\/strong><\/p>\n\n\n\n<p>Wir verarbeiten personenbezogene Daten der Nutzer, soweit dies zur Bereitstellung einer funktionsf\u00e4higen Webseite sowie unserer Inhalte und Leistungen erforderlich ist. Beim Besuch unserer Webseiten werden folgende Daten verarbeitet:<\/p>\n\n\n\n<ul class=\"wp-block-list\">\n<li>IP-Adresse des Nutzers<\/li>\n\n\n\n<li>verwendeter Browser (Typ, Version, Sprache)<\/li>\n\n\n\n<li>verwendetes Betriebssystem<\/li>\n\n\n\n<li>Internetserviceprovider des Nutzers<\/li>\n\n\n\n<li>Datum und Uhrzeit des Zugriffs auf unsere Webseite<\/li>\n\n\n\n<li>auf unserer Webseite abgerufene Dateien<\/li>\n\n\n\n<li>Webseite, von der aus der Nutzer auf unsere Webseite gelangt ist<\/li>\n\n\n\n<li>Webseite, die der Nutzer \u00fcber unsere Webseite aufruft.<\/li>\n<\/ul>\n\n\n\n<p>Die Verarbeitung und vor\u00fcbergehende Speicherung der IP-Adresse ist notwendig, um eine Auslieferung der Webseite an den Rechner des Nutzers zu erm\u00f6glichen. Hierf\u00fcr muss die IP-Adresse des Nutzers f\u00fcr die Dauer der Sitzung gespeichert werden. Von unserem Webserver erstellte Logfiles enthalten IP-Adressen oder sonstige Daten, die eine Zuordnung des Nutzers erm\u00f6glichen. Die Speicherung in Logfiles erfolgt, um die Funktionsf\u00e4higkeit der Webseiten sicherzustellen. Zudem dienen die Daten der Optimierung unserer Webseiten sowie der Sicherstellung der Sicherheit unserer informationstechnischen Systeme.<\/p>\n\n\n\n<p>Die Speicherung der Daten und der Logfiles erfolgt auf Grundlage des Art. 6 Abs. 1 lit. f DS-GVO.<\/p>\n\n\n\n<p>Die personenbezogenen Daten der betroffenen Personen werden von uns gel\u00f6scht oder gesperrt, sobald der Zweck der Speicherung entf\u00e4llt. Im Falle der Datenverarbeitung zur Bereitstellung der Webseiten erfolgt die L\u00f6schung, wenn die jeweilige Sitzung beendet ist. Im Falle der Speicherung der personenbezogenen Daten in Logfiles erfolgt die L\u00f6schung nach sp\u00e4testens 30 Tagen.<\/p>\n\n\n\n<p><strong>Einsatz von Google Analytics zur Webanalyse<\/strong><\/p>\n\n\n\n<p>Diese Website benutzt Google Analytics, einen Webanalysedienst der Google Inc. (\u201cGoogle\u201d).<\/p>\n\n\n\n<p>Google Analytics verwendet sog. \u201cCookies\u201d, Textdateien, die auf Ihrem Computer gespeichert werden und die eine Analyse der Benutzung der Website durch Sie erm\u00f6glichen. Die durch den Cookie erzeugten Informationen \u00fcber Ihre Benutzung dieser Website werden in der Regel an einen Server von Google in den USA \u00fcbertragen und dort gespeichert.<\/p>\n\n\n\n<p>Google ist unter dem Privacy-Shield-Abkommen zertifiziert und bietet hierdurch eine Garantie, das europ\u00e4ische Datenschutzrecht einzuhalten (<a href=\"https:\/\/www.privacyshield.gov\/participant?id=a2zt000000001L5AAI&amp;status=Active\" target=\"_blank\" rel=\"noreferrer noopener\">https:\/\/www.privacyshield.gov\/participant?id=a2zt000000001L5AAI&amp;status=Active<\/a>).<\/p>\n\n\n\n<p>Die Datenerhebung erfolgt nur unter einer IP-Anonymisierung auf dieser Webseite. Das hei\u00dft, Ihre IP-Adresse wird von Google innerhalb von Mitgliedstaaten der Europ\u00e4ischen Union oder in anderen Vertragsstaaten des Abkommens \u00fcber den Europ\u00e4ischen Wirtschaftsraum zuvor gek\u00fcrzt. Nur in Ausnahmef\u00e4llen wird die volle IP-Adresse an einen Server von Google in den USA \u00fcbertragen und dort gek\u00fcrzt.<\/p>\n\n\n\n<p>Im Auftrag des Betreibers dieser Website wird Google diese Informationen benutzen, um Ihre Nutzung der Website auszuwerten, um Reports \u00fcber die Websiteaktivit\u00e4ten zusammenzustellen und um weitere mit der Websitenutzung und der Internetnutzung verbundene Dienstleistungen gegen\u00fcber dem Websitebetreiber zu erbringen. Die im Rahmen von Google Analytics von Ihrem Browser \u00fcbermittelte IP-Adresse wird nicht mit anderen Daten von Google zusammengef\u00fchrt. Sie k\u00f6nnen die Speicherung der Cookies durch eine entsprechende Einstellung Ihrer Browser-Software verhindern; wir weisen Sie jedoch darauf hin, dass Sie in diesem Fall gegebenenfalls nicht s\u00e4mtliche Funktionen dieser Website vollumf\u00e4nglich werden nutzen k\u00f6nnen.<\/p>\n\n\n\n<p>Sie k\u00f6nnen dar\u00fcber hinaus die Erfassung der durch das Cookie erzeugten und auf Ihre Nutzung der Website bezogenen Daten (inkl. Ihrer IP-Adresse) an Google sowie die Verarbeitung dieser Daten durch Google verhindern, indem sie das unter dem folgenden Link verf\u00fcgbare Browser-Plugin herunterladen und installieren: Browser-Plugin (http:\/\/tools.google.com\/dlpage\/gaoptout?hl=de).<\/p>\n\n\n\n<p>Weitere Informationen zur Datennutzung durch Google, Einstellungs- und Widerspruchsm\u00f6glichkeiten, erfahren Sie in der Datenschutzerkl\u00e4rung von Google (<a href=\"https:\/\/policies.google.com\/technologies\/ads\" target=\"_blank\" rel=\"noreferrer noopener\">https:\/\/policies.google.com\/technologies\/ads<\/a>) sowie in den Einstellungen f\u00fcr die Darstellung von Werbeeinblendungen durch Google&nbsp;<a href=\"https:\/\/adssettings.google.com\/authenticated\" target=\"_blank\" rel=\"noreferrer noopener\">(https:\/\/adssettings.google.com\/authenticated<\/a>).<\/p>\n\n\n\n<p>Die Speicherung von Google-Analytics-Cookies erfolgt auf Grundlage von Art. 6 Abs. 1 lit. f DSGVO. Die Speicherung erfolgt zeitlich begrenzt. Nach 14 Monaten werden Ihre Daten gel\u00f6scht oder anonymisiert.<\/p>\n\n\n\n<p><strong>Google Conversion Tracking&nbsp;<\/strong><\/p>\n\n\n\n<p>Die Website nutzt Google Conversion Tracking. Anbieter ist die Google Ireland Limited, Gordon House, Barrow Street 4, Dublin. Mit Hilfe des Google Conversion Tracking k\u00f6nnen wir erkennen, ob Nutzer bestimmte Aktionen auf der Website durchf\u00fchren, nachdem Sie auf eine unserer Google Werbeanzeigen geklickt haben. Das Conversion Tracking dient dazu, Statistiken \u00fcber das Downloaden von Demoversionen und Kontaktanfragen zu erstellen. Die Datenerfassung erfolgt anonymisiert. Wir k\u00f6nnen erkennen, wie wie viele Nutzer auf unsere Werbeanzeigen geklickt haben und ob diese eine Demoversion heruntergeladen oder eine Kontaktanfrage durchgef\u00fchrt haben. Google selbst nutzt zu der Identifikation Cookies oder vergleichbare Wiedererkennungstechnologie.<\/p>\n\n\n\n<p>Die Nutzung dieses Dienstes erfolgt auf Grundlage Ihrer Einwilligung nach Art. 6 Abs.1 lit. a DSGVO und \u00a725 Abs. 1 TTDSG. Diese Einwilligung kann jederzeit widerrufen werden.<\/p>\n\n\n\n<p>Mehr Informationen zum Google Conversion Tracking finden Sie in den Datenschutzbestimmungen von Google unter: https:\/\/policies.google.com\/privacy?hl=de<\/p>\n\n\n\n<p><strong>Ihre Rechte uns gegen\u00fcber<\/strong><\/p>\n\n\n\n<p>Sie k\u00f6nnen uns gegen\u00fcber jederzeit Ihr Auskunftsrecht nach Art. 15 DSGVO wahrnehmen, ob Sie betreffende personenbezogene Daten durch uns verarbeitet werden.<\/p>\n\n\n\n<p>Sie k\u00f6nnen uns gegen\u00fcber jederzeit Ihr Berichtigungsrecht nach Art. 16 DSGVO wahrnehmen, und die Berichtigung Sie betreffender unrichtiger personenbezogener Daten verlangen.<\/p>\n\n\n\n<p>Sie k\u00f6nnen uns gegen\u00fcber jederzeit Ihr L\u00f6schungsrecht nach Art. 17 DSGVO wahrnehmen, und verlangen, dass Sie betreffende personenbezogene Daten unverz\u00fcglich gel\u00f6scht werden, wenn diese Daten f\u00fcr die Zwecke, f\u00fcr die sie erhoben oder auf sonstige Weise verarbeitet wurden, nicht mehr notwendig sind.<\/p>\n\n\n\n<p>Sie k\u00f6nnen uns gegen\u00fcber jederzeit Ihr Recht auf Einschr\u00e4nkung der Verarbeitung nach Art. 18 DSGVO wahrnehmen, und die Einschr\u00e4nkung der Verarbeitung zu verlangen, sofern die gesetzlichen Voraussetzungen hierf\u00fcr vorliegen.<\/p>\n\n\n\n<p>Sie k\u00f6nnen uns gegen\u00fcber jederzeit Ihr Recht auf Unterrichtung nach Art. 19 DSGVO wahrnehmen. Haben Sie ein Recht auf Berichtigung, L\u00f6schung oder Einschr\u00e4nkung der Verarbeitung uns gegen\u00fcber geltend gemacht, sind wir verpflichtet, allen Empf\u00e4ngern, denen die Sie betreffenden personenbezogenen Daten offengelegt wurden, diese Berichtigung oder L\u00f6schung der Daten oder Einschr\u00e4nkung der Verarbeitung mitzuteilen, es sei denn, dies erweist sich als unm\u00f6glich oder ist mit einem unverh\u00e4ltnism\u00e4\u00dfigen Aufwand verbunden. Ihnen steht das Recht zu, \u00fcber diese Empf\u00e4nger unterrichtet zu werden.<\/p>\n\n\n\n<p>Sie k\u00f6nnen uns gegen\u00fcber jederzeit Ihr Recht auf Daten\u00fcbertragbarkeit gem\u00e4\u00df Art. 20 DSGVO wahrnehmen. Sie haben das Recht, Ihre personenbezogenen Daten, die Sie uns bereitgestellt haben, in einem strukturierten, g\u00e4ngigen und maschinenlesebaren Format zu erhalten oder die \u00dcbermittlung an einen anderen Verantwortlichen zu verlangen, soweit dies technisch machbar ist.<\/p>\n\n\n\n<p>Sie k\u00f6nnen uns gegen\u00fcber jederzeit Ihr Recht auf einen Widerruf erteilter Einwilligungen gem\u00e4\u00df Art. 7 Abs. 3 DSGVO wahrnehmen. Sie haben das Recht, eine einmal erteilte Einwilligung in die Verarbeitung von Daten jederzeit mit Wirkung f\u00fcr die Zukunft zu widerrufen. Im Falle des Widerrufs werden wir die betroffenen Daten unverz\u00fcglich l\u00f6schen, sofern eine weitere Verarbeitung nicht auf eine Rechtsgrundlage zur einwilligungslosen Verarbeitung gest\u00fctzt werden kann. Die Rechtm\u00e4\u00dfigkeit der bis zum Widerruf erfolgten Datenverarbeitung bleibt vom Widerruf unber\u00fchrt.<\/p>\n\n\n\n<p>Im Falle datenschutzrechtlicher Verst\u00f6\u00dfe steht Ihnen ein Beschwerderecht gem\u00e4\u00df Art. 77 DSGVO bei der zust\u00e4ndigen Aufsichtsbeh\u00f6rde zu. Zust\u00e4ndige Aufsichtsbeh\u00f6rde in datenschutzrechtlichen Fragen ist der Landesdatenschutzbeauftragte des Bundeslandes, in dem unser Unternehmen seinen Sitz hat. Eine Liste der Datenschutzbeauftragten sowie deren Kontaktdaten k\u00f6nnen folgendem Link entnommen werden: https:\/\/www.bfdi.bund.de\/DE\/Infothek\/Anschriften_Links\/anschriften_links-node.html.<\/p>\n\n\n\n<p><strong>Grunds\u00e4tze der Datenverarbeitung bei der Navato GmbH<\/strong><\/p>\n","protected":false},"excerpt":{"rendered":"<p>Wir freuen uns, dass Sie unsere Website besuchen und bedanken uns f\u00fcr Ihr Interesse an unserem Unternehmen und unseren Produkten. Aufgrund gesetzlicher Bestimmungen sind wir dazu verpflichtet, Sie \u00fcber unseren Umgang mit personenbezogenen Daten zu informieren. Bitte nehmen Sie daher die nachstehenden Informationen zur Kenntnis:&#8230;<\/p>\n","protected":false},"author":1,"featured_media":0,"parent":0,"menu_order":0,"comment_status":"closed","ping_status":"open","template":"","meta":{"_coblocks_attr":"","_coblocks_dimensions":"","_coblocks_responsive_height":"","_coblocks_accordion_ie_support":"","footnotes":""},"class_list":["post-3","page","type-page","status-publish","hentry"],"yoast_head":"<!-- This site is optimized with the Yoast SEO plugin v26.2 - https:\/\/yoast.com\/wordpress\/plugins\/seo\/ -->\n<title>Datenschutzerkl\u00e4rung - navato GmbH<\/title>\n<meta name=\"robots\" content=\"index, follow, max-snippet:-1, max-image-preview:large, max-video-preview:-1\" \/>\n<link rel=\"canonical\" href=\"https:\/\/navato.de\/?page_id=3\" \/>\n<meta property=\"og:locale\" content=\"de_DE\" \/>\n<meta property=\"og:type\" content=\"article\" \/>\n<meta property=\"og:title\" content=\"Datenschutzerkl\u00e4rung - navato GmbH\" \/>\n<meta property=\"og:description\" content=\"Wir freuen uns, dass Sie unsere Website besuchen und bedanken uns f\u00fcr Ihr Interesse an unserem Unternehmen und unseren Produkten. Aufgrund gesetzlicher Bestimmungen sind wir dazu verpflichtet, Sie \u00fcber unseren Umgang mit personenbezogenen Daten zu informieren. Bitte nehmen Sie daher die nachstehenden Informationen zur Kenntnis:...\" \/>\n<meta property=\"og:url\" content=\"https:\/\/navato.de\/?page_id=3\" \/>\n<meta property=\"og:site_name\" content=\"Navato GmbH - Sofwarel\u00f6sungen aus K\u00f6ln\" \/>\n<meta property=\"article:modified_time\" content=\"2025-11-07T14:18:07+00:00\" \/>\n<meta name=\"twitter:card\" content=\"summary_large_image\" \/>\n<meta name=\"twitter:label1\" content=\"Gesch\u00e4tzte Lesezeit\" \/>\n\t<meta name=\"twitter:data1\" content=\"7\u00a0Minuten\" \/>\n<script type=\"application\/ld+json\" class=\"yoast-schema-graph\">{\"@context\":\"https:\/\/schema.org\",\"@graph\":[{\"@type\":\"WebPage\",\"@id\":\"https:\/\/navato.de\/?page_id=3\",\"url\":\"https:\/\/navato.de\/?page_id=3\",\"name\":\"Datenschutzerkl\u00e4rung - navato GmbH\",\"isPartOf\":{\"@id\":\"https:\/\/navato.de\/#website\"},\"datePublished\":\"2023-03-02T15:09:42+00:00\",\"dateModified\":\"2025-11-07T14:18:07+00:00\",\"breadcrumb\":{\"@id\":\"https:\/\/navato.de\/?page_id=3#breadcrumb\"},\"inLanguage\":\"de\",\"potentialAction\":[{\"@type\":\"ReadAction\",\"target\":[\"https:\/\/navato.de\/?page_id=3\"]}]},{\"@type\":\"BreadcrumbList\",\"@id\":\"https:\/\/navato.de\/?page_id=3#breadcrumb\",\"itemListElement\":[{\"@type\":\"ListItem\",\"position\":1,\"name\":\"Startseite\",\"item\":\"https:\/\/navato.de\/\"},{\"@type\":\"ListItem\",\"position\":2,\"name\":\"Datenschutzerkl\u00e4rung\"}]},{\"@type\":\"WebSite\",\"@id\":\"https:\/\/navato.de\/#website\",\"url\":\"https:\/\/navato.de\/\",\"name\":\"Navato GmbH - Sofwarel\u00f6sungen aus K\u00f6ln\",\"description\":\"\",\"publisher\":{\"@id\":\"https:\/\/navato.de\/#organization\"},\"potentialAction\":[{\"@type\":\"SearchAction\",\"target\":{\"@type\":\"EntryPoint\",\"urlTemplate\":\"https:\/\/navato.de\/?s={search_term_string}\"},\"query-input\":{\"@type\":\"PropertyValueSpecification\",\"valueRequired\":true,\"valueName\":\"search_term_string\"}}],\"inLanguage\":\"de\"},{\"@type\":\"Organization\",\"@id\":\"https:\/\/navato.de\/#organization\",\"name\":\"Navato GmbH - Sofwarel\u00f6sungen aus K\u00f6ln\",\"url\":\"https:\/\/navato.de\/\",\"logo\":{\"@type\":\"ImageObject\",\"inLanguage\":\"de\",\"@id\":\"https:\/\/navato.de\/#\/schema\/logo\/image\/\",\"url\":\"https:\/\/navato.de\/wp-content\/uploads\/2025\/03\/Navato-1.png\",\"contentUrl\":\"https:\/\/navato.de\/wp-content\/uploads\/2025\/03\/Navato-1.png\",\"width\":1203,\"height\":279,\"caption\":\"Navato GmbH - Sofwarel\u00f6sungen aus K\u00f6ln\"},\"image\":{\"@id\":\"https:\/\/navato.de\/#\/schema\/logo\/image\/\"}}]}<\/script>\n<!-- \/ Yoast SEO plugin. -->","yoast_head_json":{"title":"Datenschutzerkl\u00e4rung - navato GmbH","robots":{"index":"index","follow":"follow","max-snippet":"max-snippet:-1","max-image-preview":"max-image-preview:large","max-video-preview":"max-video-preview:-1"},"canonical":"https:\/\/navato.de\/?page_id=3","og_locale":"de_DE","og_type":"article","og_title":"Datenschutzerkl\u00e4rung - navato GmbH","og_description":"Wir freuen uns, dass Sie unsere Website besuchen und bedanken uns f\u00fcr Ihr Interesse an unserem Unternehmen und unseren Produkten. Aufgrund gesetzlicher Bestimmungen sind wir dazu verpflichtet, Sie \u00fcber unseren Umgang mit personenbezogenen Daten zu informieren. Bitte nehmen Sie daher die nachstehenden Informationen zur Kenntnis:...","og_url":"https:\/\/navato.de\/?page_id=3","og_site_name":"Navato GmbH - Sofwarel\u00f6sungen aus K\u00f6ln","article_modified_time":"2025-11-07T14:18:07+00:00","twitter_card":"summary_large_image","twitter_misc":{"Gesch\u00e4tzte Lesezeit":"7\u00a0Minuten"},"schema":{"@context":"https:\/\/schema.org","@graph":[{"@type":"WebPage","@id":"https:\/\/navato.de\/?page_id=3","url":"https:\/\/navato.de\/?page_id=3","name":"Datenschutzerkl\u00e4rung - navato GmbH","isPartOf":{"@id":"https:\/\/navato.de\/#website"},"datePublished":"2023-03-02T15:09:42+00:00","dateModified":"2025-11-07T14:18:07+00:00","breadcrumb":{"@id":"https:\/\/navato.de\/?page_id=3#breadcrumb"},"inLanguage":"de","potentialAction":[{"@type":"ReadAction","target":["https:\/\/navato.de\/?page_id=3"]}]},{"@type":"BreadcrumbList","@id":"https:\/\/navato.de\/?page_id=3#breadcrumb","itemListElement":[{"@type":"ListItem","position":1,"name":"Startseite","item":"https:\/\/navato.de\/"},{"@type":"ListItem","position":2,"name":"Datenschutzerkl\u00e4rung"}]},{"@type":"WebSite","@id":"https:\/\/navato.de\/#website","url":"https:\/\/navato.de\/","name":"Navato GmbH - Sofwarel\u00f6sungen aus K\u00f6ln","description":"","publisher":{"@id":"https:\/\/navato.de\/#organization"},"potentialAction":[{"@type":"SearchAction","target":{"@type":"EntryPoint","urlTemplate":"https:\/\/navato.de\/?s={search_term_string}"},"query-input":{"@type":"PropertyValueSpecification","valueRequired":true,"valueName":"search_term_string"}}],"inLanguage":"de"},{"@type":"Organization","@id":"https:\/\/navato.de\/#organization","name":"Navato GmbH - Sofwarel\u00f6sungen aus K\u00f6ln","url":"https:\/\/navato.de\/","logo":{"@type":"ImageObject","inLanguage":"de","@id":"https:\/\/navato.de\/#\/schema\/logo\/image\/","url":"https:\/\/navato.de\/wp-content\/uploads\/2025\/03\/Navato-1.png","contentUrl":"https:\/\/navato.de\/wp-content\/uploads\/2025\/03\/Navato-1.png","width":1203,"height":279,"caption":"Navato GmbH - Sofwarel\u00f6sungen aus K\u00f6ln"},"image":{"@id":"https:\/\/navato.de\/#\/schema\/logo\/image\/"}}]}},"_links":{"self":[{"href":"https:\/\/navato.de\/index.php?rest_route=\/wp\/v2\/pages\/3","targetHints":{"allow":["GET"]}}],"collection":[{"href":"https:\/\/navato.de\/index.php?rest_route=\/wp\/v2\/pages"}],"about":[{"href":"https:\/\/navato.de\/index.php?rest_route=\/wp\/v2\/types\/page"}],"author":[{"embeddable":true,"href":"https:\/\/navato.de\/index.php?rest_route=\/wp\/v2\/users\/1"}],"replies":[{"embeddable":true,"href":"https:\/\/navato.de\/index.php?rest_route=%2Fwp%2Fv2%2Fcomments&post=3"}],"version-history":[{"count":1,"href":"https:\/\/navato.de\/index.php?rest_route=\/wp\/v2\/pages\/3\/revisions"}],"predecessor-version":[{"id":42,"href":"https:\/\/navato.de\/index.php?rest_route=\/wp\/v2\/pages\/3\/revisions\/42"}],"wp:attachment":[{"href":"https:\/\/navato.de\/index.php?rest_route=%2Fwp%2Fv2%2Fmedia&parent=3"}],"curies":[{"name":"wp","href":"https:\/\/api.w.org\/{rel}","templated":true}]}}