{"id":273,"date":"2025-11-18T17:57:37","date_gmt":"2025-11-18T16:57:37","guid":{"rendered":"https:\/\/navato.de\/?page_id=273"},"modified":"2025-11-18T17:58:42","modified_gmt":"2025-11-18T16:58:42","slug":"laborsoftware-und-automatisierung","status":"publish","type":"page","link":"https:\/\/navato.de\/?page_id=273","title":{"rendered":"Laborsoftware und Automatisierung"},"content":{"rendered":"\n<body>\n\n<header>\n    <h1>Laborsoftware und Automatisierung<\/h1>\n<\/header>\n\n<section>\n\t<h2>Unserer Leistungen <\/h2>\n\t<ul>\n        <li>Automatische Erfassung von Mess- und Pr\u00fcfdaten aus verschiedensten Quellen (CSV, TXT, PDF, Excel, DB)<\/li>\n        <li>Standardisierung und Archivierung in einem einheitlichen Format (z. B. JSON oder SQL)<\/li>\n        <li>Archivierung in Lims<\/li>\n        <li>Bereitstellung f\u00fcr Excel \/ Power BI \/ LIMS \/ ERP<\/li>\n\t\t<li>Optionale Erweiterungen: Trendanalysen, Grenzwert-\u00dcberwachung mit PowerBi<\/li>\n    <\/ul>\t\n<\/section>\n\n<section>\n\t<h2>Vorteile f\u00fcr unsere Kunden<\/h2>\n\t<ul>\n        <li>Keine manuelle Datensammlung mehr!<\/li>\n        <li>Direkt Auswertung aller Ger\u00e4te in einem Dashboard<\/li>\n\t\t<li>Unabh\u00e4nigigkeit vom Ger\u00e4tehersteller<\/li>\n    <\/ul>\t\n<\/section>\n\n<section class=\"contact-box\">\n    <h2>Jetzt unverbindliches Analysegespr\u00e4ch vereinbaren<\/h2>\n    <p>\ud83d\udcc5 Online oder vor Ort im Raum K\u00f6ln<\/p>\n    <p>\ud83d\udcde <strong>0221\u202f12345678<\/strong>\u2003\u2003\u2709\ufe0f <strong>info@navato.de<\/strong><\/p>\n    <p><a href=\"https:\/\/navato.de\/?page_id=61\">www.navato.de\/kontakt<\/a><\/p>\n<\/section>\n\n<\/body>\n","protected":false},"excerpt":{"rendered":"<p>Laborsoftware und Automatisierung Unserer Leistungen Automatische Erfassung von Mess- und Pr\u00fcfdaten aus verschiedensten Quellen (CSV, TXT, PDF, Excel, DB) Standardisierung und Archivierung in einem einheitlichen Format (z. B. JSON oder SQL) Archivierung in Lims Bereitstellung f\u00fcr Excel \/ Power BI \/ LIMS \/ ERP Optionale&#8230;<\/p>\n","protected":false},"author":1,"featured_media":0,"parent":0,"menu_order":0,"comment_status":"closed","ping_status":"closed","template":"","meta":{"_coblocks_attr":"","_coblocks_dimensions":"","_coblocks_responsive_height":"","_coblocks_accordion_ie_support":"","footnotes":""},"class_list":["post-273","page","type-page","status-publish","hentry"],"yoast_head":"<!-- This site is optimized with the Yoast SEO plugin v26.2 - https:\/\/yoast.com\/wordpress\/plugins\/seo\/ -->\n<title>Laborsoftware und Automatisierung - Navato GmbH - Sofwarel\u00f6sungen aus K\u00f6ln<\/title>\n<meta name=\"robots\" content=\"index, follow, max-snippet:-1, max-image-preview:large, max-video-preview:-1\" \/>\n<link rel=\"canonical\" href=\"https:\/\/navato.de\/?page_id=273\" \/>\n<meta property=\"og:locale\" content=\"de_DE\" \/>\n<meta property=\"og:type\" content=\"article\" \/>\n<meta property=\"og:title\" content=\"Laborsoftware und Automatisierung - Navato GmbH - Sofwarel\u00f6sungen aus K\u00f6ln\" \/>\n<meta property=\"og:description\" content=\"Laborsoftware und Automatisierung Unserer Leistungen Automatische Erfassung von Mess- und Pr\u00fcfdaten aus verschiedensten Quellen (CSV, TXT, PDF, Excel, DB) Standardisierung und Archivierung in einem einheitlichen Format (z. B. JSON oder SQL) Archivierung in Lims Bereitstellung f\u00fcr Excel \/ Power BI \/ LIMS \/ ERP Optionale...\" \/>\n<meta property=\"og:url\" content=\"https:\/\/navato.de\/?page_id=273\" \/>\n<meta property=\"og:site_name\" content=\"Navato GmbH - Sofwarel\u00f6sungen aus K\u00f6ln\" \/>\n<meta property=\"article:modified_time\" content=\"2025-11-18T16:58:42+00:00\" \/>\n<meta name=\"twitter:card\" content=\"summary_large_image\" \/>\n<meta name=\"twitter:label1\" content=\"Gesch\u00e4tzte Lesezeit\" \/>\n\t<meta name=\"twitter:data1\" content=\"1\u00a0Minute\" \/>\n<script type=\"application\/ld+json\" class=\"yoast-schema-graph\">{\"@context\":\"https:\/\/schema.org\",\"@graph\":[{\"@type\":\"WebPage\",\"@id\":\"https:\/\/navato.de\/?page_id=273\",\"url\":\"https:\/\/navato.de\/?page_id=273\",\"name\":\"Laborsoftware und Automatisierung - Navato GmbH - Sofwarel\u00f6sungen aus K\u00f6ln\",\"isPartOf\":{\"@id\":\"https:\/\/navato.de\/#website\"},\"datePublished\":\"2025-11-18T16:57:37+00:00\",\"dateModified\":\"2025-11-18T16:58:42+00:00\",\"breadcrumb\":{\"@id\":\"https:\/\/navato.de\/?page_id=273#breadcrumb\"},\"inLanguage\":\"de\",\"potentialAction\":[{\"@type\":\"ReadAction\",\"target\":[\"https:\/\/navato.de\/?page_id=273\"]}]},{\"@type\":\"BreadcrumbList\",\"@id\":\"https:\/\/navato.de\/?page_id=273#breadcrumb\",\"itemListElement\":[{\"@type\":\"ListItem\",\"position\":1,\"name\":\"Startseite\",\"item\":\"https:\/\/navato.de\/\"},{\"@type\":\"ListItem\",\"position\":2,\"name\":\"Laborsoftware und Automatisierung\"}]},{\"@type\":\"WebSite\",\"@id\":\"https:\/\/navato.de\/#website\",\"url\":\"https:\/\/navato.de\/\",\"name\":\"Navato GmbH - Sofwarel\u00f6sungen aus K\u00f6ln\",\"description\":\"\",\"publisher\":{\"@id\":\"https:\/\/navato.de\/#organization\"},\"potentialAction\":[{\"@type\":\"SearchAction\",\"target\":{\"@type\":\"EntryPoint\",\"urlTemplate\":\"https:\/\/navato.de\/?s={search_term_string}\"},\"query-input\":{\"@type\":\"PropertyValueSpecification\",\"valueRequired\":true,\"valueName\":\"search_term_string\"}}],\"inLanguage\":\"de\"},{\"@type\":\"Organization\",\"@id\":\"https:\/\/navato.de\/#organization\",\"name\":\"Navato GmbH - Sofwarel\u00f6sungen aus K\u00f6ln\",\"url\":\"https:\/\/navato.de\/\",\"logo\":{\"@type\":\"ImageObject\",\"inLanguage\":\"de\",\"@id\":\"https:\/\/navato.de\/#\/schema\/logo\/image\/\",\"url\":\"https:\/\/navato.de\/wp-content\/uploads\/2025\/03\/Navato-1.png\",\"contentUrl\":\"https:\/\/navato.de\/wp-content\/uploads\/2025\/03\/Navato-1.png\",\"width\":1203,\"height\":279,\"caption\":\"Navato GmbH - Sofwarel\u00f6sungen aus K\u00f6ln\"},\"image\":{\"@id\":\"https:\/\/navato.de\/#\/schema\/logo\/image\/\"}}]}<\/script>\n<!-- \/ Yoast SEO plugin. -->","yoast_head_json":{"title":"Laborsoftware und Automatisierung - Navato GmbH - Sofwarel\u00f6sungen aus K\u00f6ln","robots":{"index":"index","follow":"follow","max-snippet":"max-snippet:-1","max-image-preview":"max-image-preview:large","max-video-preview":"max-video-preview:-1"},"canonical":"https:\/\/navato.de\/?page_id=273","og_locale":"de_DE","og_type":"article","og_title":"Laborsoftware und Automatisierung - Navato GmbH - Sofwarel\u00f6sungen aus K\u00f6ln","og_description":"Laborsoftware und Automatisierung Unserer Leistungen Automatische Erfassung von Mess- und Pr\u00fcfdaten aus verschiedensten Quellen (CSV, TXT, PDF, Excel, DB) Standardisierung und Archivierung in einem einheitlichen Format (z. B. JSON oder SQL) Archivierung in Lims Bereitstellung f\u00fcr Excel \/ Power BI \/ LIMS \/ ERP Optionale...","og_url":"https:\/\/navato.de\/?page_id=273","og_site_name":"Navato GmbH - Sofwarel\u00f6sungen aus K\u00f6ln","article_modified_time":"2025-11-18T16:58:42+00:00","twitter_card":"summary_large_image","twitter_misc":{"Gesch\u00e4tzte Lesezeit":"1\u00a0Minute"},"schema":{"@context":"https:\/\/schema.org","@graph":[{"@type":"WebPage","@id":"https:\/\/navato.de\/?page_id=273","url":"https:\/\/navato.de\/?page_id=273","name":"Laborsoftware und Automatisierung - Navato GmbH - Sofwarel\u00f6sungen aus K\u00f6ln","isPartOf":{"@id":"https:\/\/navato.de\/#website"},"datePublished":"2025-11-18T16:57:37+00:00","dateModified":"2025-11-18T16:58:42+00:00","breadcrumb":{"@id":"https:\/\/navato.de\/?page_id=273#breadcrumb"},"inLanguage":"de","potentialAction":[{"@type":"ReadAction","target":["https:\/\/navato.de\/?page_id=273"]}]},{"@type":"BreadcrumbList","@id":"https:\/\/navato.de\/?page_id=273#breadcrumb","itemListElement":[{"@type":"ListItem","position":1,"name":"Startseite","item":"https:\/\/navato.de\/"},{"@type":"ListItem","position":2,"name":"Laborsoftware und Automatisierung"}]},{"@type":"WebSite","@id":"https:\/\/navato.de\/#website","url":"https:\/\/navato.de\/","name":"Navato GmbH - Sofwarel\u00f6sungen aus K\u00f6ln","description":"","publisher":{"@id":"https:\/\/navato.de\/#organization"},"potentialAction":[{"@type":"SearchAction","target":{"@type":"EntryPoint","urlTemplate":"https:\/\/navato.de\/?s={search_term_string}"},"query-input":{"@type":"PropertyValueSpecification","valueRequired":true,"valueName":"search_term_string"}}],"inLanguage":"de"},{"@type":"Organization","@id":"https:\/\/navato.de\/#organization","name":"Navato GmbH - Sofwarel\u00f6sungen aus K\u00f6ln","url":"https:\/\/navato.de\/","logo":{"@type":"ImageObject","inLanguage":"de","@id":"https:\/\/navato.de\/#\/schema\/logo\/image\/","url":"https:\/\/navato.de\/wp-content\/uploads\/2025\/03\/Navato-1.png","contentUrl":"https:\/\/navato.de\/wp-content\/uploads\/2025\/03\/Navato-1.png","width":1203,"height":279,"caption":"Navato GmbH - Sofwarel\u00f6sungen aus K\u00f6ln"},"image":{"@id":"https:\/\/navato.de\/#\/schema\/logo\/image\/"}}]}},"_links":{"self":[{"href":"https:\/\/navato.de\/index.php?rest_route=\/wp\/v2\/pages\/273","targetHints":{"allow":["GET"]}}],"collection":[{"href":"https:\/\/navato.de\/index.php?rest_route=\/wp\/v2\/pages"}],"about":[{"href":"https:\/\/navato.de\/index.php?rest_route=\/wp\/v2\/types\/page"}],"author":[{"embeddable":true,"href":"https:\/\/navato.de\/index.php?rest_route=\/wp\/v2\/users\/1"}],"replies":[{"embeddable":true,"href":"https:\/\/navato.de\/index.php?rest_route=%2Fwp%2Fv2%2Fcomments&post=273"}],"version-history":[{"count":4,"href":"https:\/\/navato.de\/index.php?rest_route=\/wp\/v2\/pages\/273\/revisions"}],"predecessor-version":[{"id":280,"href":"https:\/\/navato.de\/index.php?rest_route=\/wp\/v2\/pages\/273\/revisions\/280"}],"wp:attachment":[{"href":"https:\/\/navato.de\/index.php?rest_route=%2Fwp%2Fv2%2Fmedia&parent=273"}],"curies":[{"name":"wp","href":"https:\/\/api.w.org\/{rel}","templated":true}]}}